{"id":5178,"date":"2024-10-10T14:17:57","date_gmt":"2024-10-10T12:17:57","guid":{"rendered":"https:\/\/my-swiss-company.com\/about-us\/"},"modified":"2024-11-24T13:51:05","modified_gmt":"2024-11-24T12:51:05","slug":"about-us","status":"publish","type":"page","link":"https:\/\/my-swiss-company.com\/en\/about-us\/","title":{"rendered":"About us"},"content":{"rendered":"<p>[et_pb_section fb_built=&#8221;1&#8243; module_class=&#8221;votre-section quadrillage-blanc&#8221; _builder_version=&#8221;4.27.2&#8243; _module_preset=&#8221;default&#8221; background_enable_color=&#8221;off&#8221; use_background_color_gradient=&#8221;on&#8221; background_color_gradient_stops=&#8221;rgba(0,0,0,0.81) 0%|rgba(0,0,0,0.21) 99%&#8221; background_color_gradient_overlays_image=&#8221;on&#8221; background_image=&#8221;https:\/\/my-swiss-company.com\/wp-content\/uploads\/2024\/10\/Team-My-Swiss-Company-SA-min-scaled.jpg&#8221; background_enable_video_mp4=&#8221;off&#8221; custom_margin=&#8221;||||false|false&#8221; custom_css_main_element=&#8221;width: 100vw;||height: 100vh;||&#8221; custom_css_free_form=&#8221;@media (min-width: 1200px) {||  .quadrillage-blanc {||      position: relative; \/* Position relative pour le parent *\/||      overflow: hidden; \/* \u00c9vite les d\u00e9bordements *\/||  }||||  \/* Ligne gauche *\/||  .quadrillage-blanc::after {||      content: %22%22;||      position: absolute;||      top: 0;||      bottom: 0;||      left: 100px; \/* Position de la ligne gauche *\/||      width: 1px;||      background-color: white; \/* Couleur de la ligne gauche *\/||      z-index: 2; \/* Au-dessus du contenu de la section *\/||  }||||  \/* Ligne droite *\/||  .quadrillage-blanc::before {||      content: %22%22;||      position: absolute;||      top: 0;||      bottom: 0;||      right: 100px; \/* Position de la ligne droite *\/||      width: 1px;||      background-color: white; \/* Couleur de la ligne droite *\/||      z-index: 2; \/* Au-dessus du contenu de la section *\/||  }||}||||||.votre-section {||    display: flex; \/* Active Flexbox pour la section *\/||    flex-direction: column; \/* Aligne les \u00e9l\u00e9ments en colonne *\/||    justify-content: flex-end; \/* Positionne les \u00e9l\u00e9ments \u00e0 la fin *\/||    padding-bottom: 100px; \/* Marge de 100px \u00e0 partir du bas de la section *\/||}&#8221; global_colors_info=&#8221;{}&#8221; custom_css_main_element_last_edited=&#8221;on|phone&#8221; custom_css_main_element_phone=&#8221;height:auto;||width:auto;||position:relative;&#8221; custom_css_main_element_tablet=&#8221;    object-fit: cover;||    width: 100vw;||    height: 100vh;||    position: absolute;||    top: 0;||    left: 0;&#8221;][et_pb_row _builder_version=&#8221;4.27.2&#8243; _module_preset=&#8221;default&#8221; custom_margin=&#8221;|auto|-8px|auto||&#8221; custom_margin_tablet=&#8221;30vh||||false|false&#8221; custom_margin_phone=&#8221;0vh||||false|false&#8221; custom_margin_last_edited=&#8221;on|phone&#8221; global_colors_info=&#8221;{}&#8221;][et_pb_column type=&#8221;4_4&#8243; _builder_version=&#8221;4.27.2&#8243; _module_preset=&#8221;default&#8221; global_colors_info=&#8221;{}&#8221;][et_pb_text _builder_version=&#8221;4.27.2&#8243; _module_preset=&#8221;default&#8221; text_text_color=&#8221;#FFFFFF&#8221; text_font_size=&#8221;20px&#8221; header_text_color=&#8221;#FFFFFF&#8221; header_font_size=&#8221;68px&#8221; header_font_size_tablet=&#8221;46px&#8221; header_font_size_phone=&#8221;46px&#8221; header_font_size_last_edited=&#8221;on|desktop&#8221; global_colors_info=&#8221;{}&#8221;]<\/p>\n<h1>Administration of your <br \/>company in Switzerland<\/h1>\n<p>[\/et_pb_text][\/et_pb_column][\/et_pb_row][et_pb_row column_structure=&#8221;1_5,1_5,1_5,1_5,1_5&#8243; _builder_version=&#8221;4.27.2&#8243; _module_preset=&#8221;default&#8221; custom_margin=&#8221;4px|auto|99px|auto||&#8221; global_colors_info=&#8221;{}&#8221;][et_pb_column type=&#8221;1_5&#8243; _builder_version=&#8221;4.27.2&#8243; _module_preset=&#8221;default&#8221; global_colors_info=&#8221;{}&#8221;][et_pb_button button_url=&#8221;tel:+41225668244&#8243; button_text=&#8221;Direct call&#8221; _builder_version=&#8221;4.27.2&#8243; _module_preset=&#8221;default&#8221; custom_button=&#8221;on&#8221; button_text_size=&#8221;14px&#8221; button_text_color=&#8221;#FFFFFF&#8221; button_bg_color=&#8221;#D52B1E&#8221; button_border_width=&#8221;10px&#8221; button_border_color=&#8221;#D52B1E&#8221; button_font=&#8221;|||on|||||&#8221; custom_padding=&#8221;8px|25px|8px|25px|true|true&#8221; global_colors_info=&#8221;{}&#8221; button_bg_color__hover_enabled=&#8221;on|hover&#8221; button_bg_color__hover=&#8221;#d60e00&#8243; button_bg_enable_color__hover=&#8221;on&#8221; button_border_color__hover_enabled=&#8221;on|hover&#8221; button_border_color__hover=&#8221;#d60e00&#8243;][\/et_pb_button][\/et_pb_column][et_pb_column type=&#8221;1_5&#8243; _builder_version=&#8221;4.27.2&#8243; _module_preset=&#8221;default&#8221; global_colors_info=&#8221;{}&#8221;][et_pb_button button_url=&#8221;tel:+41225668244&#8243; button_text=&#8221;+41 22 566 82 44&#8243; _builder_version=&#8221;4.27.2&#8243; _module_preset=&#8221;default&#8221; custom_button=&#8221;on&#8221; button_text_size=&#8221;14px&#8221; button_text_color=&#8221;#FFFFFF&#8221; button_bg_color=&#8221;RGBA(255,255,255,0)&#8221; button_border_width=&#8221;10px&#8221; button_border_color=&#8221;RGBA(255,255,255,0)&#8221; button_font=&#8221;|600||on|||||&#8221; button_icon=&#8221;&#xf879;||fa||900&#8243; button_icon_color=&#8221;#D52B1E&#8221; button_icon_placement=&#8221;left&#8221; button_on_hover=&#8221;off&#8221; locked=&#8221;off&#8221; global_colors_info=&#8221;{}&#8221;][\/et_pb_button][\/et_pb_column][et_pb_column type=&#8221;1_5&#8243; disabled_on=&#8221;on|on|on&#8221; _builder_version=&#8221;4.27.2&#8243; _module_preset=&#8221;default&#8221; disabled=&#8221;on&#8221; global_colors_info=&#8221;{}&#8221;][\/et_pb_column][et_pb_column type=&#8221;1_5&#8243; disabled_on=&#8221;on|on|on&#8221; _builder_version=&#8221;4.27.2&#8243; _module_preset=&#8221;default&#8221; disabled=&#8221;on&#8221; global_colors_info=&#8221;{}&#8221;][\/et_pb_column][et_pb_column type=&#8221;1_5&#8243; disabled_on=&#8221;on|on|on&#8221; _builder_version=&#8221;4.27.2&#8243; _module_preset=&#8221;default&#8221; disabled=&#8221;on&#8221; global_colors_info=&#8221;{}&#8221;][\/et_pb_column][\/et_pb_row][\/et_pb_section][et_pb_section fb_built=&#8221;1&#8243; _builder_version=&#8221;4.27.2&#8243; _module_preset=&#8221;default&#8221; global_colors_info=&#8221;{}&#8221;][et_pb_row _builder_version=&#8221;4.27.2&#8243; _module_preset=&#8221;default&#8221; global_colors_info=&#8221;{}&#8221;][et_pb_column type=&#8221;4_4&#8243; _builder_version=&#8221;4.27.2&#8243; _module_preset=&#8221;default&#8221; global_colors_info=&#8221;{}&#8221;][et_pb_text _builder_version=&#8221;4.27.2&#8243; _module_preset=&#8221;default&#8221; global_colors_info=&#8221;{}&#8221;]<\/p>\n<h2>Who are we?<\/h2>\n<p>[\/et_pb_text][\/et_pb_column][\/et_pb_row][et_pb_row column_structure=&#8221;1_2,1_2&#8243; _builder_version=&#8221;4.27.2&#8243; _module_preset=&#8221;default&#8221; global_colors_info=&#8221;{}&#8221;][et_pb_column type=&#8221;1_2&#8243; _builder_version=&#8221;4.27.2&#8243; _module_preset=&#8221;default&#8221; global_colors_info=&#8221;{}&#8221;][et_pb_text _builder_version=&#8221;4.27.2&#8243; _module_preset=&#8221;default&#8221; global_colors_info=&#8221;{}&#8221;]<\/p>\n<p><a href=\"\/\">My Swiss Company SA<\/a> is dedicated to facilitating the establishment of companies and holdings in Switzerland. <a href=\"https:\/\/my-swiss-company.com\/en\/our-services\/services-of-formation-and-setting-up-of-swiss-companies\/\">We specialize in the creation and administration<\/a> of commercial or financial entities. <\/p>\n<p>To this end, we provide a full range of services necessary for your setup, drawing on a solid experience in the fields of industry and finance.<\/p>\n<p>Our services cover legal, tax, fiduciary, and administrative advice, opening bank accounts, networking with partners, as well as handling any necessary authorization procedures for establishment.<\/p>\n<p>With our professionalism, your procedures will be conducted safely and efficiently, ensuring significant time savings for you.<\/p>\n<p>Switzerland is renowned for its high-end banking system. Therefore, we provide judicious advice on selecting the appropriate institution and suitable financial products for your strategy. <\/p>\n<p>[\/et_pb_text][\/et_pb_column][et_pb_column type=&#8221;1_2&#8243; _builder_version=&#8221;4.27.2&#8243; _module_preset=&#8221;default&#8221; global_colors_info=&#8221;{}&#8221;][et_pb_text _builder_version=&#8221;4.27.2&#8243; _module_preset=&#8221;default&#8221; global_colors_info=&#8221;{}&#8221;]<\/p>\n<p>In addition, My Swiss Company offers a <a href=\"\/nos-services\/conseil-juridique-en-suisse\/\">domiciliation service<\/a> to quickly obtain an address and private offices in Switzerland.<\/p>\n<p>We operate particularly in Lucerne, Zug, and Geneva to diversify establishment opportunities in Switzerland.<\/p>\n<p>Furthermore, we offer <a href=\"https:\/\/my-swiss-company.com\/\">fiduciary services 2.0<\/a>. These are powerful tools that leverage modern technologies. Through our secure tracking platform, you have clear online access to your information at any time.  <\/p>\n<p>Lastly, supported by our platform, we offer tools such as the digital safe, necessary for securely storing your digital documents, or hosting and transmitting confidential documents and information to your partners.<\/p>\n<p>Our clientele spans the globe. We have facilitated the establishment in Switzerland of companies from clients in France, Belgium, Luxembourg, Spain, the United Kingdom, South and Central America, the United States, Canada, North Africa, Asia, and several countries in Northern and Eastern Europe. <\/p>\n<p>Our expertise, deep understanding of world cultures, and proficiency in major languages (English, Spanish, French) enable us to meet the needs of our most demanding clients closely.<\/p>\n<p>[\/et_pb_text][\/et_pb_column][\/et_pb_row][\/et_pb_section][et_pb_section fb_built=&#8221;1&#8243; _builder_version=&#8221;4.27.2&#8243; _module_preset=&#8221;default&#8221; background_color=&#8221;#131313&#8243; global_colors_info=&#8221;{}&#8221;][et_pb_row column_structure=&#8221;1_2,1_2&#8243; _builder_version=&#8221;4.27.2&#8243; _module_preset=&#8221;default&#8221; global_colors_info=&#8221;{}&#8221;][et_pb_column type=&#8221;1_2&#8243; _builder_version=&#8221;4.27.2&#8243; _module_preset=&#8221;default&#8221; custom_padding=&#8221;200px||||false|false&#8221; custom_padding_tablet=&#8221;0px||||false|false&#8221; custom_padding_phone=&#8221;0px||||false|false&#8221; custom_padding_last_edited=&#8221;on|desktop&#8221; global_colors_info=&#8221;{}&#8221;][et_pb_text _builder_version=&#8221;4.27.2&#8243; _module_preset=&#8221;default&#8221; header_2_text_color=&#8221;#FFFFFF&#8221; header_2_font_size=&#8221;30px&#8221; global_colors_info=&#8221;{}&#8221;]<\/p>\n<h2>Your expert: Andr\u00e9s Taracido<\/h2>\n<p>[\/et_pb_text][et_pb_text _builder_version=&#8221;4.27.3&#8243; _module_preset=&#8221;default&#8221; text_text_color=&#8221;#FFFFFF&#8221; global_colors_info=&#8221;{}&#8221;]<\/p>\n<p>Andr\u00e9s Taracido holds a Federal Diploma as an Expert in Finance and Investments, followed by a Certified International Wealth Manager (CIWM) certification. He is a graduate of the Society of Trust and Estate Practitioners (STEP) and holds the TEP accreditation, as well as a CAS in SME Taxation and he is a <span>Certified Insurance and Financial Planning Advisor (IAF)<\/span><\/p>\n<p>[\/et_pb_text][et_pb_button button_url=&#8221;\/en\/about-us\/your-expert-andres-taracido\/&#8221; button_text=&#8221;Learn more&#8221; _builder_version=&#8221;4.27.3&#8243; _module_preset=&#8221;default&#8221; custom_button=&#8221;on&#8221; button_text_size=&#8221;14px&#8221; button_text_color=&#8221;#FFFFFF&#8221; button_bg_color=&#8221;#D52B1E&#8221; button_border_width=&#8221;10px&#8221; button_border_color=&#8221;#D52B1E&#8221; button_font=&#8221;|||on|||||&#8221; custom_padding=&#8221;8px|25px|8px|25px|true|true&#8221; hover_enabled=&#8221;0&#8243; global_colors_info=&#8221;{}&#8221; button_bg_color__hover_enabled=&#8221;on|hover&#8221; button_bg_color__hover=&#8221;#d60e00&#8243; button_bg_enable_color__hover=&#8221;on&#8221; button_border_color__hover_enabled=&#8221;on|hover&#8221; button_border_color__hover=&#8221;#d60e00&#8243; sticky_enabled=&#8221;0&#8243;][\/et_pb_button][\/et_pb_column][et_pb_column type=&#8221;1_2&#8243; _builder_version=&#8221;4.27.2&#8243; _module_preset=&#8221;default&#8221; global_colors_info=&#8221;{}&#8221;][et_pb_image src=&#8221;https:\/\/my-swiss-company.com\/wp-content\/uploads\/2024\/10\/M.Taracido-director-Rister-Switzerland.jpg.webp&#8221; title_text=&#8221;M.Taracido-director-Rister-Switzerland.jpg&#8221; _builder_version=&#8221;4.27.2&#8243; _module_preset=&#8221;default&#8221; global_colors_info=&#8221;{}&#8221;][\/et_pb_image][\/et_pb_column][\/et_pb_row][\/et_pb_section][et_pb_section fb_built=&#8221;1&#8243; _builder_version=&#8221;4.27.2&#8243; _module_preset=&#8221;default&#8221; background_color=&#8221;#F2F2F2&#8243; global_colors_info=&#8221;{}&#8221;][et_pb_row _builder_version=&#8221;4.27.2&#8243; _module_preset=&#8221;default&#8221; locked=&#8221;off&#8221; global_colors_info=&#8221;{}&#8221;][et_pb_column type=&#8221;4_4&#8243; _builder_version=&#8221;4.27.2&#8243; _module_preset=&#8221;default&#8221; global_colors_info=&#8221;{}&#8221;][et_pb_text _builder_version=&#8221;4.27.2&#8243; _module_preset=&#8221;default&#8221; global_colors_info=&#8221;{}&#8221;]<\/p>\n<h2>Professional Affiliations<\/h2>\n<p>[\/et_pb_text][\/et_pb_column][\/et_pb_row][et_pb_row column_structure=&#8221;1_4,1_4,1_4,1_4&#8243; make_equal=&#8221;on&#8221; _builder_version=&#8221;4.27.2&#8243; _module_preset=&#8221;default&#8221; background_enable_color=&#8221;off&#8221; global_colors_info=&#8221;{}&#8221;][et_pb_column type=&#8221;1_4&#8243; _builder_version=&#8221;4.27.2&#8243; _module_preset=&#8221;default&#8221; background_color=&#8221;#FFFFFF&#8221; custom_padding=&#8221;25px||||false|false&#8221; global_colors_info=&#8221;{}&#8221;][et_pb_image src=&#8221;https:\/\/my-swiss-company.com\/wp-content\/uploads\/2024\/10\/image-1.png&#8221; title_text=&#8221;AIWM&#8221; _builder_version=&#8221;4.27.2&#8243; _module_preset=&#8221;default&#8221; global_colors_info=&#8221;{}&#8221;][\/et_pb_image][\/et_pb_column][et_pb_column type=&#8221;1_4&#8243; _builder_version=&#8221;4.27.2&#8243; _module_preset=&#8221;default&#8221; background_color=&#8221;#FFFFFF&#8221; custom_padding=&#8221;25px||||false|false&#8221; global_colors_info=&#8221;{}&#8221;][et_pb_image src=&#8221;https:\/\/my-swiss-company.com\/wp-content\/uploads\/2024\/10\/image-1-1.png&#8221; title_text=&#8221;SFAA&#8221; _builder_version=&#8221;4.27.2&#8243; _module_preset=&#8221;default&#8221; locked=&#8221;off&#8221; global_colors_info=&#8221;{}&#8221;][\/et_pb_image][\/et_pb_column][et_pb_column type=&#8221;1_4&#8243; _builder_version=&#8221;4.27.2&#8243; _module_preset=&#8221;default&#8221; background_color=&#8221;#FFFFFF&#8221; custom_padding=&#8221;25px||||false|false&#8221; global_colors_info=&#8221;{}&#8221;][et_pb_image src=&#8221;https:\/\/my-swiss-company.com\/wp-content\/uploads\/2024\/10\/image-1-2.png&#8221; title_text=&#8221;STEP Advising&#8221; _builder_version=&#8221;4.27.2&#8243; _module_preset=&#8221;default&#8221; locked=&#8221;off&#8221; global_colors_info=&#8221;{}&#8221;][\/et_pb_image][\/et_pb_column][et_pb_column type=&#8221;1_4&#8243; _builder_version=&#8221;4.27.2&#8243; _module_preset=&#8221;default&#8221; background_color=&#8221;#FFFFFF&#8221; global_colors_info=&#8221;{}&#8221;][et_pb_image src=&#8221;https:\/\/my-swiss-company.com\/wp-content\/uploads\/2024\/10\/logo1.png&#8221; title_text=&#8221;IFA International Fiscal Association&#8221; _builder_version=&#8221;4.27.2&#8243; _module_preset=&#8221;default&#8221; locked=&#8221;off&#8221; global_colors_info=&#8221;{}&#8221;][\/et_pb_image][\/et_pb_column][\/et_pb_row][\/et_pb_section][et_pb_section fb_built=&#8221;1&#8243; _builder_version=&#8221;4.27.2&#8243; _module_preset=&#8221;default&#8221; global_colors_info=&#8221;{}&#8221;][et_pb_row _builder_version=&#8221;4.27.2&#8243; _module_preset=&#8221;default&#8221; locked=&#8221;off&#8221; global_colors_info=&#8221;{}&#8221;][et_pb_column type=&#8221;4_4&#8243; _builder_version=&#8221;4.27.2&#8243; _module_preset=&#8221;default&#8221; global_colors_info=&#8221;{}&#8221;][et_pb_text _builder_version=&#8221;4.27.2&#8243; _module_preset=&#8221;default&#8221; global_colors_info=&#8221;{}&#8221;]<\/p>\n<h2>Our news<\/h2>\n<p>[\/et_pb_text][et_pb_code _builder_version=&#8221;4.27.2&#8243; _module_preset=&#8221;default&#8221; global_colors_info=&#8221;{}&#8221;]<div class=\"affichage-article-news case-studies-grid\"><div class=\"case-study\"><a href=\"https:\/\/my-swiss-company.com\/en\/how-to-calculate-vat-in-switzerland-complete-guide\/\" class=\"case-study-link\"><div class=\"case-study-image\" style=\"background-image: url(https:\/\/my-swiss-company.com\/wp-content\/uploads\/2026\/04\/calcul-TVA-Suisse.webp);\"><\/div><div class=\"case-study-content\"><div class=\"case-study-date\" style=\"color: white; font-weight: 700; margin-bottom: .5rem;\">Last updated Apr 2, 2026<\/div><h2 class=\"case-study-title\">How to calculate VAT in Switzerland: complete guide and online calculator 2026<\/h2><p class=\"case-study-excerpt\"><p>Swiss VAT calculation is based on three rates in effect since 1 January 2024: 8.1% (standard rate), 2.6% (reduced rate) and 3.8% (accommodation rate). To convert a net amount to gross, multiply it by 1.081 (standard rate). To find the net amount from a gross price, divide by 1.081. Use our Swiss VAT calculator below [&hellip;]<\/p>\n<\/p><a href=\"https:\/\/my-swiss-company.com\/en\/how-to-calculate-vat-in-switzerland-complete-guide\/\" class=\"case-study-more-link\">Read more<\/a><\/div><\/a><\/div><div class=\"case-study\"><a href=\"https:\/\/my-swiss-company.com\/en\/free-invoicing-software-in-switzerland-2026\/\" class=\"case-study-link\"><div class=\"case-study-image\" style=\"background-image: url(https:\/\/my-swiss-company.com\/wp-content\/uploads\/2026\/03\/AdobeStock_362237575-scaled.jpeg);\"><\/div><div class=\"case-study-content\"><div class=\"case-study-date\" style=\"color: white; font-weight: 700; margin-bottom: .5rem;\">Last updated Mar 31, 2026<\/div><h2 class=\"case-study-title\">Free Invoicing Software in Switzerland (2026)<\/h2><p class=\"case-study-excerpt\">Invoicing is an essential obligation for any business operating in Switzerland. Whether you are self-employed, a freelancer, a consultant, or the owner of a small or medium-sized enterprise (SME), issuing invoices that comply with Swiss regulations is necessary to monitor your business activity and meet tax obligations.<\/p><a href=\"https:\/\/my-swiss-company.com\/en\/free-invoicing-software-in-switzerland-2026\/\" class=\"case-study-more-link\">Read more<\/a><\/div><\/a><\/div><div class=\"case-study\"><a href=\"https:\/\/my-swiss-company.com\/en\/double-taxation-agreements-dtas-signed-by-switzerland\/\" class=\"case-study-link\"><div class=\"case-study-image\" style=\"background-image: url(https:\/\/my-swiss-company.com\/wp-content\/uploads\/2026\/03\/CDI-Suisse-scaled.jpeg);\"><\/div><div class=\"case-study-content\"><div class=\"case-study-date\" style=\"color: white; font-weight: 700; margin-bottom: .5rem;\">Last updated Mar 31, 2026<\/div><h2 class=\"case-study-title\">Double Taxation Agreements (DTAs) Signed by Switzerland<\/h2><p class=\"case-study-excerpt\">Double Taxation Agreements (DTAs) are international treaties that allocate taxing rights between two States in order to prevent the same income or capital from being taxed twice. In practice, a DTA ensures that a taxpayer (individual or company) is not subject to taxation both in the State of source (where the income is generated) and in the State of residence (where the beneficiary is tax resident) without relief.<\/p><a href=\"https:\/\/my-swiss-company.com\/en\/double-taxation-agreements-dtas-signed-by-switzerland\/\" class=\"case-study-more-link\">Read more<\/a><\/div><\/a><\/div><div class=\"case-study\"><a href=\"https:\/\/my-swiss-company.com\/en\/leasing-in-switzerland-accounting-taxation-vat-and-balance-sheet-impact\/\" class=\"case-study-link\"><div class=\"case-study-image\" style=\"background-image: url(https:\/\/my-swiss-company.com\/wp-content\/uploads\/2026\/02\/Leasing-scaled.jpeg);\"><\/div><div class=\"case-study-content\"><div class=\"case-study-date\" style=\"color: white; font-weight: 700; margin-bottom: .5rem;\">Last updated Mar 31, 2026<\/div><h2 class=\"case-study-title\">Leasing in Switzerland: Accounting, Taxation, VAT and Balance Sheet Impact<\/h2><p class=\"case-study-excerpt\">In Switzerland, leasing has become a central financing tool for SMEs, industrial companies, holding structures and service businesses. Commercial vehicles, executive cars, production machinery, industrial lines, IT equipment or medical devices: leasing is now widely embedded in corporate financing strategies.<\/p><a href=\"https:\/\/my-swiss-company.com\/en\/leasing-in-switzerland-accounting-taxation-vat-and-balance-sheet-impact\/\" class=\"case-study-more-link\">Read more<\/a><\/div><\/a><\/div><\/div>[\/et_pb_code][\/et_pb_column][\/et_pb_row][et_pb_row _builder_version=&#8221;4.27.2&#8243; _module_preset=&#8221;default&#8221; locked=&#8221;off&#8221; global_colors_info=&#8221;{}&#8221;][et_pb_column type=&#8221;4_4&#8243; _builder_version=&#8221;4.27.2&#8243; _module_preset=&#8221;default&#8221; global_colors_info=&#8221;{}&#8221;][et_pb_button button_url=&#8221;\/en\/our-news\/&#8221; button_text=&#8221;See all news&#8221; _builder_version=&#8221;4.27.2&#8243; _module_preset=&#8221;default&#8221; custom_button=&#8221;on&#8221; button_text_size=&#8221;14px&#8221; button_text_color=&#8221;#FFFFFF&#8221; button_bg_color=&#8221;#D52B1E&#8221; button_border_width=&#8221;10px&#8221; button_border_color=&#8221;#D52B1E&#8221; button_font=&#8221;|||on|||||&#8221; custom_padding=&#8221;8px|25px|8px|25px|true|true&#8221; global_colors_info=&#8221;{}&#8221; button_bg_color__hover_enabled=&#8221;on|hover&#8221; button_bg_color__hover=&#8221;#d60e00&#8243; button_bg_enable_color__hover=&#8221;on&#8221; button_border_color__hover_enabled=&#8221;on|hover&#8221; button_border_color__hover=&#8221;#d60e00&#8243;][\/et_pb_button][\/et_pb_column][\/et_pb_row][\/et_pb_section]<\/p>\n","protected":false},"excerpt":{"rendered":"","protected":false},"author":3,"featured_media":0,"parent":0,"menu_order":0,"comment_status":"closed","ping_status":"closed","template":"","meta":{"_et_pb_use_builder":"on","_et_pb_old_content":"","_et_gb_content_width":"","inline_featured_image":false,"footnotes":""},"class_list":["post-5178","page","type-page","status-publish","hentry"],"_links":{"self":[{"href":"https:\/\/my-swiss-company.com\/en\/wp-json\/wp\/v2\/pages\/5178","targetHints":{"allow":["GET"]}}],"collection":[{"href":"https:\/\/my-swiss-company.com\/en\/wp-json\/wp\/v2\/pages"}],"about":[{"href":"https:\/\/my-swiss-company.com\/en\/wp-json\/wp\/v2\/types\/page"}],"author":[{"embeddable":true,"href":"https:\/\/my-swiss-company.com\/en\/wp-json\/wp\/v2\/users\/3"}],"replies":[{"embeddable":true,"href":"https:\/\/my-swiss-company.com\/en\/wp-json\/wp\/v2\/comments?post=5178"}],"version-history":[{"count":0,"href":"https:\/\/my-swiss-company.com\/en\/wp-json\/wp\/v2\/pages\/5178\/revisions"}],"wp:attachment":[{"href":"https:\/\/my-swiss-company.com\/en\/wp-json\/wp\/v2\/media?parent=5178"}],"curies":[{"name":"wp","href":"https:\/\/api.w.org\/{rel}","templated":true}]}}