{"id":5181,"date":"2024-10-10T14:35:29","date_gmt":"2024-10-10T12:35:29","guid":{"rendered":"https:\/\/my-swiss-company.com\/about-us\/your-expert-andres-taracido\/"},"modified":"2025-01-14T16:42:35","modified_gmt":"2025-01-14T15:42:35","slug":"your-expert-andres-taracido","status":"publish","type":"page","link":"https:\/\/my-swiss-company.com\/en\/about-us\/your-expert-andres-taracido\/","title":{"rendered":"Your expert Andr\u00e9s Taracido"},"content":{"rendered":"<p>[et_pb_section fb_built=&#8221;1&#8243; module_class=&#8221;votre-section quadrillage-blanc&#8221; _builder_version=&#8221;4.27.2&#8243; _module_preset=&#8221;default&#8221; background_enable_color=&#8221;off&#8221; use_background_color_gradient=&#8221;on&#8221; background_color_gradient_stops=&#8221;rgba(0,0,0,0.81) 0%|rgba(0,0,0,0.21) 99%&#8221; background_color_gradient_overlays_image=&#8221;on&#8221; background_image=&#8221;https:\/\/my-swiss-company.com\/wp-content\/uploads\/2024\/10\/President-du-Conseil-dAdministration-min-scaled.jpeg&#8221; background_enable_video_mp4=&#8221;off&#8221; custom_margin=&#8221;||||false|false&#8221; custom_css_main_element=&#8221;width: 100vw;||height: 100vh;||&#8221; custom_css_free_form=&#8221;@media (min-width: 1200px) {||  .quadrillage-blanc {||      position: relative; \/* Position relative pour le parent *\/||      overflow: hidden; \/* \u00c9vite les d\u00e9bordements *\/||  }||||  \/* Ligne gauche *\/||  .quadrillage-blanc::after {||      content: %22%22;||      position: absolute;||      top: 0;||      bottom: 0;||      left: 100px; \/* Position de la ligne gauche *\/||      width: 1px;||      background-color: white; \/* Couleur de la ligne gauche *\/||      z-index: 2; \/* Au-dessus du contenu de la section *\/||  }||||  \/* Ligne droite *\/||  .quadrillage-blanc::before {||      content: %22%22;||      position: absolute;||      top: 0;||      bottom: 0;||      right: 100px; \/* Position de la ligne droite *\/||      width: 1px;||      background-color: white; \/* Couleur de la ligne droite *\/||      z-index: 2; \/* Au-dessus du contenu de la section *\/||  }||}||||||.votre-section {||    display: flex; \/* Active Flexbox pour la section *\/||    flex-direction: column; \/* Aligne les \u00e9l\u00e9ments en colonne *\/||    justify-content: flex-end; \/* Positionne les \u00e9l\u00e9ments \u00e0 la fin *\/||    padding-bottom: 100px; \/* Marge de 100px \u00e0 partir du bas de la section *\/||}&#8221; global_colors_info=&#8221;{}&#8221; custom_css_main_element_last_edited=&#8221;on|phone&#8221; custom_css_main_element_phone=&#8221;height:auto;||width:auto;||position:relative;&#8221; custom_css_main_element_tablet=&#8221;    object-fit: cover;||    width: 100vw;||    height: 100vh;||    position: absolute;||    top: 0;||    left: 0;&#8221;][et_pb_row _builder_version=&#8221;4.27.2&#8243; _module_preset=&#8221;default&#8221; custom_margin=&#8221;|auto|-8px|auto||&#8221; custom_margin_tablet=&#8221;30vh||||false|false&#8221; custom_margin_phone=&#8221;0vh||||false|false&#8221; custom_margin_last_edited=&#8221;on|phone&#8221; global_colors_info=&#8221;{}&#8221;][et_pb_column type=&#8221;4_4&#8243; _builder_version=&#8221;4.27.2&#8243; _module_preset=&#8221;default&#8221; global_colors_info=&#8221;{}&#8221;][et_pb_text _builder_version=&#8221;4.27.2&#8243; _module_preset=&#8221;default&#8221; text_text_color=&#8221;#FFFFFF&#8221; text_font_size=&#8221;20px&#8221; header_text_color=&#8221;#FFFFFF&#8221; header_font_size=&#8221;68px&#8221; header_font_size_tablet=&#8221;46px&#8221; header_font_size_phone=&#8221;46px&#8221; header_font_size_last_edited=&#8221;on|desktop&#8221; global_colors_info=&#8221;{}&#8221;]<\/p>\n<h1>Your expert: Andr\u00e9s Taracido<\/h1>\n<p>[\/et_pb_text][\/et_pb_column][\/et_pb_row][et_pb_row column_structure=&#8221;1_5,1_5,1_5,1_5,1_5&#8243; _builder_version=&#8221;4.27.2&#8243; _module_preset=&#8221;default&#8221; custom_margin=&#8221;4px|auto|99px|auto||&#8221; global_colors_info=&#8221;{}&#8221;][et_pb_column type=&#8221;1_5&#8243; _builder_version=&#8221;4.27.2&#8243; _module_preset=&#8221;default&#8221; global_colors_info=&#8221;{}&#8221;][et_pb_button button_url=&#8221;tel:+41225668244&#8243; button_text=&#8221;Direct call&#8221; _builder_version=&#8221;4.27.2&#8243; _module_preset=&#8221;default&#8221; custom_button=&#8221;on&#8221; button_text_size=&#8221;14px&#8221; button_text_color=&#8221;#FFFFFF&#8221; button_bg_color=&#8221;#D52B1E&#8221; button_border_width=&#8221;10px&#8221; button_border_color=&#8221;#D52B1E&#8221; button_font=&#8221;|||on|||||&#8221; custom_padding=&#8221;8px|25px|8px|25px|true|true&#8221; global_colors_info=&#8221;{}&#8221; button_bg_color__hover_enabled=&#8221;on|hover&#8221; button_bg_color__hover=&#8221;#d60e00&#8243; button_bg_enable_color__hover=&#8221;on&#8221; button_border_color__hover_enabled=&#8221;on|hover&#8221; button_border_color__hover=&#8221;#d60e00&#8243;][\/et_pb_button][\/et_pb_column][et_pb_column type=&#8221;1_5&#8243; _builder_version=&#8221;4.27.2&#8243; _module_preset=&#8221;default&#8221; global_colors_info=&#8221;{}&#8221;][et_pb_button button_url=&#8221;tel:+41225668244&#8243; button_text=&#8221;+41 22 566 82 44&#8243; _builder_version=&#8221;4.27.2&#8243; _module_preset=&#8221;default&#8221; custom_button=&#8221;on&#8221; button_text_size=&#8221;14px&#8221; button_text_color=&#8221;#FFFFFF&#8221; button_bg_color=&#8221;RGBA(255,255,255,0)&#8221; button_border_width=&#8221;10px&#8221; button_border_color=&#8221;RGBA(255,255,255,0)&#8221; button_font=&#8221;|600||on|||||&#8221; button_icon=&#8221;&#xf879;||fa||900&#8243; button_icon_color=&#8221;#D52B1E&#8221; button_icon_placement=&#8221;left&#8221; button_on_hover=&#8221;off&#8221; locked=&#8221;off&#8221; global_colors_info=&#8221;{}&#8221;][\/et_pb_button][\/et_pb_column][et_pb_column type=&#8221;1_5&#8243; disabled_on=&#8221;on|on|on&#8221; _builder_version=&#8221;4.27.2&#8243; _module_preset=&#8221;default&#8221; disabled=&#8221;on&#8221; global_colors_info=&#8221;{}&#8221;][\/et_pb_column][et_pb_column type=&#8221;1_5&#8243; disabled_on=&#8221;on|on|on&#8221; _builder_version=&#8221;4.27.2&#8243; _module_preset=&#8221;default&#8221; disabled=&#8221;on&#8221; global_colors_info=&#8221;{}&#8221;][\/et_pb_column][et_pb_column type=&#8221;1_5&#8243; disabled_on=&#8221;on|on|on&#8221; _builder_version=&#8221;4.27.2&#8243; _module_preset=&#8221;default&#8221; disabled=&#8221;on&#8221; global_colors_info=&#8221;{}&#8221;][\/et_pb_column][\/et_pb_row][\/et_pb_section][et_pb_section fb_built=&#8221;1&#8243; _builder_version=&#8221;4.27.2&#8243; _module_preset=&#8221;default&#8221; global_colors_info=&#8221;{}&#8221;][et_pb_row _builder_version=&#8221;4.27.2&#8243; _module_preset=&#8221;default&#8221; global_colors_info=&#8221;{}&#8221;][et_pb_column type=&#8221;4_4&#8243; _builder_version=&#8221;4.27.2&#8243; _module_preset=&#8221;default&#8221; global_colors_info=&#8221;{}&#8221;][et_pb_text _builder_version=&#8221;4.27.2&#8243; _module_preset=&#8221;default&#8221; global_colors_info=&#8221;{}&#8221;]<\/p>\n<h2>Andr\u00e9s Taracido, CIWM TEP<\/h2>\n<p>[\/et_pb_text][\/et_pb_column][\/et_pb_row][et_pb_row column_structure=&#8221;1_2,1_2&#8243; _builder_version=&#8221;4.27.2&#8243; _module_preset=&#8221;default&#8221; global_colors_info=&#8221;{}&#8221;][et_pb_column type=&#8221;1_2&#8243; _builder_version=&#8221;4.27.2&#8243; _module_preset=&#8221;default&#8221; global_colors_info=&#8221;{}&#8221;][et_pb_text _builder_version=&#8221;4.27.3&#8243; _module_preset=&#8221;default&#8221; hover_enabled=&#8221;0&#8243; global_colors_info=&#8221;{}&#8221; sticky_enabled=&#8221;0&#8243;]<\/p>\n<p>Andr\u00e9s Taracido is a Certified Swiss Expert in Finance and Investments ; a Certified International Wealth Manager (CIWM) diploma; a diploma from the Society of Trust and Estate Practitioners (STEP) and TEP accreditation; a CAS in Taxation of SMEs ; and he is a <span>Certified Insurance and Financial Planning Advisor (IAF) <a href=\"https:\/\/www.finma.ch\/en\/supervision\/versicherungsvermittler\/registersuche\/F01319579\/\" target=\"_blank\" rel=\"noopener\">No. FINMA F01319579<\/a>.<\/span><\/p>\n<p>Andr\u00e9s Taracido is a highly qualified and experienced professional with a solid understanding of the laws and regulations applicable in the incorporation and administration of Swiss companies and foundations. He is responsible for managing the administration of companies in Switzerland and internationally on behalf of his clients, entrepreneurs, families and businesses. His expertise and ability to efficiently manage corporate administration makes him a valuable partner for all clients wishing to establish themselves in Switzerland.<\/p>\n<p>Andr\u00e9s Taracido is committed to providing advice and solutions tailored to each client, taking into account their specific needs. He understands that each situation is unique and that it is important to provide accurate and timely responses to ensure client satisfaction. From simple problems to more complex situations, he strives to respond to all requests with professionalism and diligence.<\/p>\n<p>His commitment to his clients is total. He takes responsibility for their projects to heart and is committed to providing first class expertise at all times.<\/p>\n<p>As a director, the quality of his work depends on his team of qualified and experienced professionals.<\/p>\n<p>His team is made up of finance and accounting specialists, trust officers, accountants, tax specialists and other administrative and legal professionals. Each member of his team brings unique skills and knowledge that complement those of the rest of the team.<\/p>\n<p>[\/et_pb_text][et_pb_image src=&#8221;https:\/\/my-swiss-company.com\/wp-content\/uploads\/2024\/10\/Team-My-Swiss-Company-SA-min-scaled.jpg&#8221; title_text=&#8221;Team-My-Swiss-Company-SA-min&#8221; _builder_version=&#8221;4.27.2&#8243; _module_preset=&#8221;default&#8221; global_colors_info=&#8221;{}&#8221;][\/et_pb_image][et_pb_text _builder_version=&#8221;4.27.2&#8243; _module_preset=&#8221;default&#8221; global_colors_info=&#8221;{}&#8221;]<\/p>\n<p>As a director, Andr\u00e9s Taracido considers his team as his greatest asset. He strongly believes that collaboration and communication are essential to provide high quality administrative services. <\/p>\n<p>\u201cOur corporate values reflect our commitment to providing superior service to our clients. We strive to provide solutions that meet their specific needs while ensuring that our expertise is first class. We pride ourselves on our commitment to our clients and work hard to ensure their satisfaction at every stage of the incorporation, takeover and long-term administrative management process\u201d Andr\u00e9s Taracido, Director<\/p>\n<p>Andr\u00e9s Taracido speaks French, English and Spanish. He has an extensive network of contacts in Geneva, in Switzerland and worldwide. Among his strengths, he is fond of saying that he knows \u201ca little about everything\u201d, being fully familiar with the workings of the administrative and accountancy world, combined with excellent knowledge of the legal and fiscal aspects of Swiss law. He is your \u201cgo to\u201d contact for all stages involved in setting up a foreign company in Switzerland. The perfect person to represent you as a board member, manager or director, whether for a company, foundation or association.    <\/p>\n<p>[\/et_pb_text][\/et_pb_column][et_pb_column type=&#8221;1_2&#8243; _builder_version=&#8221;4.27.2&#8243; _module_preset=&#8221;default&#8221; global_colors_info=&#8221;{}&#8221;][et_pb_image src=&#8221;https:\/\/my-swiss-company.com\/wp-content\/uploads\/2024\/10\/M.Taracido-director-Rister-Switzerland.jpg.webp&#8221; title_text=&#8221;M.Taracido-director-Rister-Switzerland.jpg&#8221; _builder_version=&#8221;4.27.2&#8243; _module_preset=&#8221;default&#8221; global_colors_info=&#8221;{}&#8221;][\/et_pb_image][et_pb_image src=&#8221;https:\/\/my-swiss-company.com\/wp-content\/uploads\/2024\/10\/badge_vertical.jpg.webp&#8221; title_text=&#8221;badge_vertical.jpg&#8221; _builder_version=&#8221;4.27.2&#8243; _module_preset=&#8221;default&#8221; width=&#8221;40%&#8221; global_colors_info=&#8221;{}&#8221;][\/et_pb_image][\/et_pb_column][\/et_pb_row][\/et_pb_section]<\/p>\n","protected":false},"excerpt":{"rendered":"<p>Your expert: Andr\u00e9s TaracidoAndr\u00e9s Taracido, CIWM TEPAndr\u00e9s Taracido is a Certified Swiss Expert in Finance and Investments ; a Certified International Wealth Manager (CIWM) diploma; a diploma from the Society of Trust and Estate Practitioners (STEP) and TEP accreditation; a CAS in Taxation of SMEs ; and he is a Certified Insurance and Financial Planning [&hellip;]<\/p>\n","protected":false},"author":3,"featured_media":0,"parent":5178,"menu_order":0,"comment_status":"closed","ping_status":"closed","template":"","meta":{"_et_pb_use_builder":"on","_et_pb_old_content":"","_et_gb_content_width":"","inline_featured_image":false,"footnotes":""},"class_list":["post-5181","page","type-page","status-publish","hentry"],"_links":{"self":[{"href":"https:\/\/my-swiss-company.com\/en\/wp-json\/wp\/v2\/pages\/5181","targetHints":{"allow":["GET"]}}],"collection":[{"href":"https:\/\/my-swiss-company.com\/en\/wp-json\/wp\/v2\/pages"}],"about":[{"href":"https:\/\/my-swiss-company.com\/en\/wp-json\/wp\/v2\/types\/page"}],"author":[{"embeddable":true,"href":"https:\/\/my-swiss-company.com\/en\/wp-json\/wp\/v2\/users\/3"}],"replies":[{"embeddable":true,"href":"https:\/\/my-swiss-company.com\/en\/wp-json\/wp\/v2\/comments?post=5181"}],"version-history":[{"count":0,"href":"https:\/\/my-swiss-company.com\/en\/wp-json\/wp\/v2\/pages\/5181\/revisions"}],"up":[{"embeddable":true,"href":"https:\/\/my-swiss-company.com\/en\/wp-json\/wp\/v2\/pages\/5178"}],"wp:attachment":[{"href":"https:\/\/my-swiss-company.com\/en\/wp-json\/wp\/v2\/media?parent=5181"}],"curies":[{"name":"wp","href":"https:\/\/api.w.org\/{rel}","templated":true}]}}