{"id":5659,"date":"2024-10-10T14:17:57","date_gmt":"2024-10-10T12:17:57","guid":{"rendered":"https:\/\/my-swiss-company.com\/quienes-somos\/"},"modified":"2025-01-14T16:30:59","modified_gmt":"2025-01-14T15:30:59","slug":"quienes-somos","status":"publish","type":"page","link":"https:\/\/my-swiss-company.com\/es\/quienes-somos\/","title":{"rendered":"\u00bfQui\u00e9nes somos?"},"content":{"rendered":"<p>[et_pb_section fb_built=&#8221;1&#8243; module_class=&#8221;votre-section quadrillage-blanc&#8221; _builder_version=&#8221;4.27.2&#8243; _module_preset=&#8221;default&#8221; background_enable_color=&#8221;off&#8221; use_background_color_gradient=&#8221;on&#8221; background_color_gradient_stops=&#8221;rgba(0,0,0,0.81) 0%|rgba(0,0,0,0.21) 99%&#8221; background_color_gradient_overlays_image=&#8221;on&#8221; background_image=&#8221;https:\/\/my-swiss-company.com\/wp-content\/uploads\/2024\/10\/Team-My-Swiss-Company-SA-min-scaled.jpg&#8221; background_enable_video_mp4=&#8221;off&#8221; custom_margin=&#8221;||||false|false&#8221; custom_css_main_element=&#8221;width: 100vw;||height: 100vh;||&#8221; custom_css_free_form=&#8221;@media (min-width: 1200px) {||  .quadrillage-blanc {||      position: relative; \/* Position relative pour le parent *\/||      overflow: hidden; \/* \u00c9vite les d\u00e9bordements *\/||  }||||  \/* Ligne gauche *\/||  .quadrillage-blanc::after {||      content: %22%22;||      position: absolute;||      top: 0;||      bottom: 0;||      left: 100px; \/* Position de la ligne gauche *\/||      width: 1px;||      background-color: white; \/* Couleur de la ligne gauche *\/||      z-index: 2; \/* Au-dessus du contenu de la section *\/||  }||||  \/* Ligne droite *\/||  .quadrillage-blanc::before {||      content: %22%22;||      position: absolute;||      top: 0;||      bottom: 0;||      right: 100px; \/* Position de la ligne droite *\/||      width: 1px;||      background-color: white; \/* Couleur de la ligne droite *\/||      z-index: 2; \/* Au-dessus du contenu de la section *\/||  }||}||||||.votre-section {||    display: flex; \/* Active Flexbox pour la section *\/||    flex-direction: column; \/* Aligne les \u00e9l\u00e9ments en colonne *\/||    justify-content: flex-end; \/* Positionne les \u00e9l\u00e9ments \u00e0 la fin *\/||    padding-bottom: 100px; \/* Marge de 100px \u00e0 partir du bas de la section *\/||}&#8221; global_colors_info=&#8221;{}&#8221; custom_css_main_element_last_edited=&#8221;on|phone&#8221; custom_css_main_element_phone=&#8221;height:auto;||width:auto;||position:relative;&#8221; custom_css_main_element_tablet=&#8221;    object-fit: cover;||    width: 100vw;||    height: 100vh;||    position: absolute;||    top: 0;||    left: 0;&#8221;][et_pb_row _builder_version=&#8221;4.27.2&#8243; _module_preset=&#8221;default&#8221; custom_margin=&#8221;|auto|-8px|auto||&#8221; custom_margin_tablet=&#8221;30vh||||false|false&#8221; custom_margin_phone=&#8221;0vh||||false|false&#8221; custom_margin_last_edited=&#8221;on|phone&#8221; global_colors_info=&#8221;{}&#8221;][et_pb_column type=&#8221;4_4&#8243; _builder_version=&#8221;4.27.2&#8243; _module_preset=&#8221;default&#8221; global_colors_info=&#8221;{}&#8221;][et_pb_text _builder_version=&#8221;4.27.2&#8243; _module_preset=&#8221;default&#8221; text_text_color=&#8221;#FFFFFF&#8221; text_font_size=&#8221;20px&#8221; header_text_color=&#8221;#FFFFFF&#8221; header_font_size=&#8221;68px&#8221; header_font_size_tablet=&#8221;46px&#8221; header_font_size_phone=&#8221;46px&#8221; header_font_size_last_edited=&#8221;on|desktop&#8221; global_colors_info=&#8221;{}&#8221;]<\/p>\n<h1>Administraci\u00f3n de <br \/>su empresa en Suiza<\/h1>\n<p>[\/et_pb_text][\/et_pb_column][\/et_pb_row][et_pb_row column_structure=&#8221;1_4,1_4,1_4,1_4&#8243; _builder_version=&#8221;4.27.2&#8243; _module_preset=&#8221;default&#8221; custom_margin=&#8221;4px|auto|99px|auto||&#8221; global_colors_info=&#8221;{}&#8221;][et_pb_column type=&#8221;1_4&#8243; _builder_version=&#8221;4.27.2&#8243; _module_preset=&#8221;default&#8221; global_colors_info=&#8221;{}&#8221;][et_pb_button button_url=&#8221;tel:+41225668244&#8243; button_text=&#8221;Llamada directa&#8221; _builder_version=&#8221;4.27.2&#8243; _module_preset=&#8221;default&#8221; custom_button=&#8221;on&#8221; button_text_size=&#8221;14px&#8221; button_text_color=&#8221;#FFFFFF&#8221; button_bg_color=&#8221;#D52B1E&#8221; button_border_width=&#8221;10px&#8221; button_border_color=&#8221;#D52B1E&#8221; button_font=&#8221;|||on|||||&#8221; custom_padding=&#8221;8px|25px|8px|25px|true|true&#8221; global_colors_info=&#8221;{}&#8221; button_bg_color__hover_enabled=&#8221;on|hover&#8221; button_bg_color__hover=&#8221;#d60e00&#8243; button_bg_enable_color__hover=&#8221;on&#8221; button_border_color__hover_enabled=&#8221;on|hover&#8221; button_border_color__hover=&#8221;#d60e00&#8243;][\/et_pb_button][\/et_pb_column][et_pb_column type=&#8221;1_4&#8243; _builder_version=&#8221;4.27.2&#8243; _module_preset=&#8221;default&#8221; global_colors_info=&#8221;{}&#8221;][et_pb_button button_url=&#8221;tel:+41225668244&#8243; button_text=&#8221;+41 22 566 82 44&#8243; _builder_version=&#8221;4.27.2&#8243; _module_preset=&#8221;default&#8221; custom_button=&#8221;on&#8221; button_text_size=&#8221;14px&#8221; button_text_color=&#8221;#FFFFFF&#8221; button_bg_color=&#8221;RGBA(255,255,255,0)&#8221; button_border_width=&#8221;10px&#8221; button_border_color=&#8221;RGBA(255,255,255,0)&#8221; button_font=&#8221;|600||on|||||&#8221; button_icon=&#8221;&#xf879;||fa||900&#8243; button_icon_color=&#8221;#D52B1E&#8221; button_icon_placement=&#8221;left&#8221; button_on_hover=&#8221;off&#8221; locked=&#8221;off&#8221; global_colors_info=&#8221;{}&#8221;][\/et_pb_button][\/et_pb_column][et_pb_column type=&#8221;1_4&#8243; disabled_on=&#8221;on|on|on&#8221; _builder_version=&#8221;4.27.2&#8243; _module_preset=&#8221;default&#8221; disabled=&#8221;on&#8221; global_colors_info=&#8221;{}&#8221;][\/et_pb_column][et_pb_column type=&#8221;1_4&#8243; disabled_on=&#8221;on|on|on&#8221; _builder_version=&#8221;4.27.2&#8243; _module_preset=&#8221;default&#8221; disabled=&#8221;on&#8221; global_colors_info=&#8221;{}&#8221;][\/et_pb_column][\/et_pb_row][\/et_pb_section][et_pb_section fb_built=&#8221;1&#8243; _builder_version=&#8221;4.27.2&#8243; _module_preset=&#8221;default&#8221; global_colors_info=&#8221;{}&#8221;][et_pb_row _builder_version=&#8221;4.27.2&#8243; _module_preset=&#8221;default&#8221; global_colors_info=&#8221;{}&#8221;][et_pb_column type=&#8221;4_4&#8243; _builder_version=&#8221;4.27.2&#8243; _module_preset=&#8221;default&#8221; global_colors_info=&#8221;{}&#8221;][et_pb_text _builder_version=&#8221;4.27.2&#8243; _module_preset=&#8221;default&#8221; global_colors_info=&#8221;{}&#8221;]<\/p>\n<h2>\u00bfQui\u00e9nes somos?<\/h2>\n<p>[\/et_pb_text][\/et_pb_column][\/et_pb_row][et_pb_row column_structure=&#8221;1_2,1_2&#8243; _builder_version=&#8221;4.27.2&#8243; _module_preset=&#8221;default&#8221; global_colors_info=&#8221;{}&#8221;][et_pb_column type=&#8221;1_2&#8243; _builder_version=&#8221;4.27.2&#8243; _module_preset=&#8221;default&#8221; global_colors_info=&#8221;{}&#8221;][et_pb_text _builder_version=&#8221;4.27.2&#8243; _module_preset=&#8221;default&#8221; global_colors_info=&#8221;{}&#8221;]<\/p>\n<p><a href=\"\/\">My Swiss Company SA<\/a> se dedica a facilitar el establecimiento de empresas y holdings en Suiza. Nos especializamos en la <a href=\"https:\/\/my-swiss-company.com\/nos-services\/creation-et-administration-de-societes-en-suisse\/\">creaci\u00f3n y administraci\u00f3n de entidades<\/a> comerciales o financieras. <\/p>\n<p>Con este fin, ofrecemos una amplia gama de servicios necesarios para su configuraci\u00f3n, aprovechando una s\u00f3lida experiencia en los campos de la industria y las finanzas.<\/p>\n<p>Nuestros servicios cubren asesoramiento legal, fiscal, fiduciario y administrativo, apertura de cuentas bancarias, establecimiento de contactos con socios, as\u00ed como el manejo de cualquier procedimiento de autorizaci\u00f3n necesario para el establecimiento.<\/p>\n<p>Con nuestro profesionalismo, sus procedimientos se llevar\u00e1n a cabo de manera segura y eficiente, garantizando un ahorro de tiempo significativo para usted.<\/p>\n<p>Suiza es conocida por su sistema bancario de alta gama. Por lo tanto, ofrecemos consejos judiciosos sobre la selecci\u00f3n de la instituci\u00f3n adecuada y productos financieros adecuados para su estrategia. <\/p>\n<p>[\/et_pb_text][\/et_pb_column][et_pb_column type=&#8221;1_2&#8243; _builder_version=&#8221;4.27.2&#8243; _module_preset=&#8221;default&#8221; global_colors_info=&#8221;{}&#8221;][et_pb_text _builder_version=&#8221;4.27.2&#8243; _module_preset=&#8221;default&#8221; global_colors_info=&#8221;{}&#8221;]<\/p>\n<p>Adem\u00e1s, My Swiss Company ofrece un <a href=\"\/nos-services\/conseil-juridique-en-suisse\/\">servicio de domiciliaci\u00f3n<\/a> para obtener r\u00e1pidamente una direcci\u00f3n y oficinas privadas en Suiza.<\/p>\n<p>Operamos especialmente en Lucerna, Zug y Ginebra para diversificar las oportunidades de establecimiento en Suiza.<\/p>\n<p>Adem\u00e1s, ofrecemos <a href=\"https:\/\/my-swiss-company.com\/\">servicios fiduciarios 2.0<\/a>. Estas son herramientas poderosas que aprovechan las tecnolog\u00edas modernas. A trav\u00e9s de nuestra plataforma de seguimiento segura, tiene acceso claro en l\u00ednea a su informaci\u00f3n en cualquier momento.  <\/p>\n<p>Por \u00faltimo, respaldados por nuestra plataforma, ofrecemos herramientas como la caja fuerte digital, necesaria para almacenar de forma segura sus documentos digitales, o alojar y transmitir documentos e informaci\u00f3n confidenciales a sus socios.<\/p>\n<p>Nuestra clientela abarca todo el mundo. Hemos facilitado el establecimiento en Suiza de alrededor de cien empresas de clientes en Francia, B\u00e9lgica, Luxemburgo, Espa\u00f1a, Reino Unido, Am\u00e9rica del Sur y Central, Estados Unidos, Canad\u00e1, \u00c1frica del Norte, Asia y varios pa\u00edses del Norte y del Este de Europa. <\/p>\n<p>Nuestra experiencia, profundo conocimiento de las culturas mundiales y competencia en los principales idiomas (ingl\u00e9s, espa\u00f1ol, franc\u00e9s) nos permiten satisfacer de cerca las necesidades de nuestros clientes m\u00e1s exigentes.<\/p>\n<p>[\/et_pb_text][\/et_pb_column][\/et_pb_row][\/et_pb_section][et_pb_section fb_built=&#8221;1&#8243; _builder_version=&#8221;4.27.2&#8243; _module_preset=&#8221;default&#8221; background_color=&#8221;#131313&#8243; global_colors_info=&#8221;{}&#8221;][et_pb_row column_structure=&#8221;1_2,1_2&#8243; _builder_version=&#8221;4.27.2&#8243; _module_preset=&#8221;default&#8221; global_colors_info=&#8221;{}&#8221;][et_pb_column type=&#8221;1_2&#8243; _builder_version=&#8221;4.27.2&#8243; _module_preset=&#8221;default&#8221; custom_padding=&#8221;200px||||false|false&#8221; custom_padding_tablet=&#8221;0px||||false|false&#8221; custom_padding_phone=&#8221;0px||||false|false&#8221; custom_padding_last_edited=&#8221;on|phone&#8221; global_colors_info=&#8221;{}&#8221;][et_pb_text _builder_version=&#8221;4.27.2&#8243; _module_preset=&#8221;default&#8221; header_2_text_color=&#8221;#FFFFFF&#8221; header_2_font_size=&#8221;30px&#8221; global_colors_info=&#8221;{}&#8221;]<\/p>\n<h2>Su experto: Andr\u00e9s Taracido<\/h2>\n<p>[\/et_pb_text][et_pb_text _builder_version=&#8221;4.27.3&#8243; _module_preset=&#8221;default&#8221; text_text_color=&#8221;#FFFFFF&#8221; hover_enabled=&#8221;0&#8243; global_colors_info=&#8221;{}&#8221; sticky_enabled=&#8221;0&#8243;]<\/p>\n<p>Andr\u00e9s Taracido posee un Diploma Federal como experto en finanzas e inversiones, seguido de una certificaci\u00f3n como Certified International Wealth Manager (CIWM). Es graduado de la Society of Trust and Estate Practitioners (STEP) y posee la acreditaci\u00f3n TEP, as\u00ed como un CAS en Fiscalidad de PYMES y <span>Asesor Certificado en Seguros y Previsi\u00f3n (IAF).<\/span><\/p>\n<p>[\/et_pb_text][et_pb_button button_url=&#8221;\/es\/quienes-somos\/su-experto-andres-taracido\/&#8221; button_text=&#8221;M\u00e1s informaci\u00f3n&#8221; _builder_version=&#8221;4.27.3&#8243; _module_preset=&#8221;default&#8221; custom_button=&#8221;on&#8221; button_text_size=&#8221;14px&#8221; button_text_color=&#8221;#FFFFFF&#8221; button_bg_color=&#8221;#D52B1E&#8221; button_border_width=&#8221;10px&#8221; button_border_color=&#8221;#D52B1E&#8221; button_font=&#8221;|||on|||||&#8221; custom_padding=&#8221;8px|25px|8px|25px|true|true&#8221; global_colors_info=&#8221;{}&#8221; button_bg_color__hover_enabled=&#8221;on|hover&#8221; button_bg_color__hover=&#8221;#d60e00&#8243; button_bg_enable_color__hover=&#8221;on&#8221; button_border_color__hover_enabled=&#8221;on|hover&#8221; button_border_color__hover=&#8221;#d60e00&#8243;][\/et_pb_button][\/et_pb_column][et_pb_column type=&#8221;1_2&#8243; _builder_version=&#8221;4.27.2&#8243; _module_preset=&#8221;default&#8221; global_colors_info=&#8221;{}&#8221;][et_pb_image src=&#8221;https:\/\/my-swiss-company.com\/wp-content\/uploads\/2024\/10\/M.Taracido-director-Rister-Switzerland.jpg.webp&#8221; title_text=&#8221;M.Taracido-director-Rister-Switzerland.jpg&#8221; _builder_version=&#8221;4.27.2&#8243; _module_preset=&#8221;default&#8221; global_colors_info=&#8221;{}&#8221;][\/et_pb_image][\/et_pb_column][\/et_pb_row][\/et_pb_section][et_pb_section fb_built=&#8221;1&#8243; _builder_version=&#8221;4.27.2&#8243; _module_preset=&#8221;default&#8221; background_color=&#8221;#F2F2F2&#8243; global_colors_info=&#8221;{}&#8221;][et_pb_row _builder_version=&#8221;4.27.2&#8243; _module_preset=&#8221;default&#8221; locked=&#8221;off&#8221; global_colors_info=&#8221;{}&#8221;][et_pb_column type=&#8221;4_4&#8243; _builder_version=&#8221;4.27.2&#8243; _module_preset=&#8221;default&#8221; global_colors_info=&#8221;{}&#8221;][et_pb_text _builder_version=&#8221;4.27.2&#8243; _module_preset=&#8221;default&#8221; global_colors_info=&#8221;{}&#8221;]<\/p>\n<h2>Afiliaciones profesionales<\/h2>\n<p>[\/et_pb_text][\/et_pb_column][\/et_pb_row][et_pb_row column_structure=&#8221;1_4,1_4,1_4,1_4&#8243; make_equal=&#8221;on&#8221; _builder_version=&#8221;4.27.2&#8243; _module_preset=&#8221;default&#8221; background_enable_color=&#8221;off&#8221; global_colors_info=&#8221;{}&#8221;][et_pb_column type=&#8221;1_4&#8243; _builder_version=&#8221;4.27.2&#8243; _module_preset=&#8221;default&#8221; background_color=&#8221;#FFFFFF&#8221; custom_padding=&#8221;25px||||false|false&#8221; global_colors_info=&#8221;{}&#8221;][et_pb_image src=&#8221;https:\/\/my-swiss-company.com\/wp-content\/uploads\/2024\/10\/image-1.png&#8221; title_text=&#8221;AIWM&#8221; _builder_version=&#8221;4.27.2&#8243; _module_preset=&#8221;default&#8221; global_colors_info=&#8221;{}&#8221;][\/et_pb_image][\/et_pb_column][et_pb_column type=&#8221;1_4&#8243; _builder_version=&#8221;4.27.2&#8243; _module_preset=&#8221;default&#8221; background_color=&#8221;#FFFFFF&#8221; custom_padding=&#8221;25px||||false|false&#8221; global_colors_info=&#8221;{}&#8221;][et_pb_image src=&#8221;https:\/\/my-swiss-company.com\/wp-content\/uploads\/2024\/10\/image-1-1.png&#8221; title_text=&#8221;SFAA&#8221; _builder_version=&#8221;4.27.2&#8243; _module_preset=&#8221;default&#8221; locked=&#8221;off&#8221; global_colors_info=&#8221;{}&#8221;][\/et_pb_image][\/et_pb_column][et_pb_column type=&#8221;1_4&#8243; _builder_version=&#8221;4.27.2&#8243; _module_preset=&#8221;default&#8221; background_color=&#8221;#FFFFFF&#8221; custom_padding=&#8221;25px||||false|false&#8221; global_colors_info=&#8221;{}&#8221;][et_pb_image src=&#8221;https:\/\/my-swiss-company.com\/wp-content\/uploads\/2024\/10\/image-1-2.png&#8221; title_text=&#8221;STEP&#8221; _builder_version=&#8221;4.27.2&#8243; _module_preset=&#8221;default&#8221; locked=&#8221;off&#8221; global_colors_info=&#8221;{}&#8221;][\/et_pb_image][\/et_pb_column][et_pb_column type=&#8221;1_4&#8243; _builder_version=&#8221;4.27.2&#8243; _module_preset=&#8221;default&#8221; background_color=&#8221;#FFFFFF&#8221; global_colors_info=&#8221;{}&#8221;][et_pb_image src=&#8221;https:\/\/my-swiss-company.com\/wp-content\/uploads\/2024\/10\/logo1.png&#8221; title_text=&#8221;International fiscal association IFA&#8221; _builder_version=&#8221;4.27.2&#8243; _module_preset=&#8221;default&#8221; locked=&#8221;off&#8221; global_colors_info=&#8221;{}&#8221;][\/et_pb_image][\/et_pb_column][\/et_pb_row][\/et_pb_section][et_pb_section fb_built=&#8221;1&#8243; _builder_version=&#8221;4.27.2&#8243; _module_preset=&#8221;default&#8221; global_colors_info=&#8221;{}&#8221;][et_pb_row _builder_version=&#8221;4.27.2&#8243; _module_preset=&#8221;default&#8221; locked=&#8221;off&#8221; global_colors_info=&#8221;{}&#8221;][et_pb_column type=&#8221;4_4&#8243; _builder_version=&#8221;4.27.2&#8243; _module_preset=&#8221;default&#8221; global_colors_info=&#8221;{}&#8221;][et_pb_text _builder_version=&#8221;4.27.2&#8243; _module_preset=&#8221;default&#8221; global_colors_info=&#8221;{}&#8221;]<\/p>\n<h2>Noticias<\/h2>\n<p>[\/et_pb_text][\/et_pb_column][\/et_pb_row][et_pb_row _builder_version=&#8221;4.27.2&#8243; _module_preset=&#8221;default&#8221; locked=&#8221;off&#8221; global_colors_info=&#8221;{}&#8221;][et_pb_column type=&#8221;4_4&#8243; _builder_version=&#8221;4.27.2&#8243; _module_preset=&#8221;default&#8221; global_colors_info=&#8221;{}&#8221;][et_pb_button button_url=&#8221;tel:+41225668244&#8243; button_text=&#8221;Ver todas las noticias&#8221; _builder_version=&#8221;4.27.2&#8243; _module_preset=&#8221;default&#8221; custom_button=&#8221;on&#8221; button_text_size=&#8221;14px&#8221; button_text_color=&#8221;#FFFFFF&#8221; button_bg_color=&#8221;#D52B1E&#8221; button_border_width=&#8221;10px&#8221; button_border_color=&#8221;#D52B1E&#8221; button_font=&#8221;|||on|||||&#8221; custom_padding=&#8221;8px|25px|8px|25px|true|true&#8221; global_colors_info=&#8221;{}&#8221; button_bg_color__hover_enabled=&#8221;on|hover&#8221; button_bg_color__hover=&#8221;#d60e00&#8243; button_bg_enable_color__hover=&#8221;on&#8221; button_border_color__hover_enabled=&#8221;on|hover&#8221; button_border_color__hover=&#8221;#d60e00&#8243;][\/et_pb_button][\/et_pb_column][\/et_pb_row][\/et_pb_section]<\/p>\n","protected":false},"excerpt":{"rendered":"<p>Administraci\u00f3n de su empresa en Suiza\u00bfQui\u00e9nes somos?My Swiss Company SA se dedica a facilitar el establecimiento de empresas y holdings en Suiza. Nos especializamos en la creaci\u00f3n y administraci\u00f3n de entidades comerciales o financieras. Con este fin, ofrecemos una amplia gama de servicios necesarios para su configuraci\u00f3n, aprovechando una s\u00f3lida experiencia en los campos de [&hellip;]<\/p>\n","protected":false},"author":3,"featured_media":0,"parent":0,"menu_order":0,"comment_status":"closed","ping_status":"closed","template":"","meta":{"_et_pb_use_builder":"on","_et_pb_old_content":"","_et_gb_content_width":"","inline_featured_image":false,"footnotes":""},"class_list":["post-5659","page","type-page","status-publish","hentry"],"_links":{"self":[{"href":"https:\/\/my-swiss-company.com\/es\/wp-json\/wp\/v2\/pages\/5659","targetHints":{"allow":["GET"]}}],"collection":[{"href":"https:\/\/my-swiss-company.com\/es\/wp-json\/wp\/v2\/pages"}],"about":[{"href":"https:\/\/my-swiss-company.com\/es\/wp-json\/wp\/v2\/types\/page"}],"author":[{"embeddable":true,"href":"https:\/\/my-swiss-company.com\/es\/wp-json\/wp\/v2\/users\/3"}],"replies":[{"embeddable":true,"href":"https:\/\/my-swiss-company.com\/es\/wp-json\/wp\/v2\/comments?post=5659"}],"version-history":[{"count":0,"href":"https:\/\/my-swiss-company.com\/es\/wp-json\/wp\/v2\/pages\/5659\/revisions"}],"wp:attachment":[{"href":"https:\/\/my-swiss-company.com\/es\/wp-json\/wp\/v2\/media?parent=5659"}],"curies":[{"name":"wp","href":"https:\/\/api.w.org\/{rel}","templated":true}]}}