{"id":5662,"date":"2024-10-10T14:35:29","date_gmt":"2024-10-10T12:35:29","guid":{"rendered":"https:\/\/my-swiss-company.com\/quienes-somos\/su-experto-andres-taracido\/"},"modified":"2025-01-14T16:34:37","modified_gmt":"2025-01-14T15:34:37","slug":"su-experto-andres-taracido","status":"publish","type":"page","link":"https:\/\/my-swiss-company.com\/es\/quienes-somos\/su-experto-andres-taracido\/","title":{"rendered":"Su experto: Andr\u00e9s Taracido"},"content":{"rendered":"<p>[et_pb_section fb_built=&#8221;1&#8243; module_class=&#8221;votre-section quadrillage-blanc&#8221; _builder_version=&#8221;4.27.2&#8243; _module_preset=&#8221;default&#8221; background_enable_color=&#8221;off&#8221; use_background_color_gradient=&#8221;on&#8221; background_color_gradient_stops=&#8221;rgba(0,0,0,0.81) 0%|rgba(0,0,0,0.21) 99%&#8221; background_color_gradient_overlays_image=&#8221;on&#8221; background_image=&#8221;https:\/\/my-swiss-company.com\/wp-content\/uploads\/2024\/10\/President-du-Conseil-dAdministration-min-scaled.jpeg&#8221; background_enable_video_mp4=&#8221;off&#8221; custom_margin=&#8221;||||false|false&#8221; custom_css_main_element=&#8221;width: 100vw;||height: 100vh;||&#8221; custom_css_free_form=&#8221;@media (min-width: 1200px) {||  .quadrillage-blanc {||      position: relative; \/* Position relative pour le parent *\/||      overflow: hidden; \/* \u00c9vite les d\u00e9bordements *\/||  }||||  \/* Ligne gauche *\/||  .quadrillage-blanc::after {||      content: %22%22;||      position: absolute;||      top: 0;||      bottom: 0;||      left: 100px; \/* Position de la ligne gauche *\/||      width: 1px;||      background-color: white; \/* Couleur de la ligne gauche *\/||      z-index: 2; \/* Au-dessus du contenu de la section *\/||  }||||  \/* Ligne droite *\/||  .quadrillage-blanc::before {||      content: %22%22;||      position: absolute;||      top: 0;||      bottom: 0;||      right: 100px; \/* Position de la ligne droite *\/||      width: 1px;||      background-color: white; \/* Couleur de la ligne droite *\/||      z-index: 2; \/* Au-dessus du contenu de la section *\/||  }||}||||||.votre-section {||    display: flex; \/* Active Flexbox pour la section *\/||    flex-direction: column; \/* Aligne les \u00e9l\u00e9ments en colonne *\/||    justify-content: flex-end; \/* Positionne les \u00e9l\u00e9ments \u00e0 la fin *\/||    padding-bottom: 100px; \/* Marge de 100px \u00e0 partir du bas de la section *\/||}&#8221; global_colors_info=&#8221;{}&#8221; custom_css_main_element_last_edited=&#8221;on|phone&#8221; custom_css_main_element_phone=&#8221;height:auto;||width:auto;||position:relative;&#8221; custom_css_main_element_tablet=&#8221;    object-fit: cover;||    width: 100vw;||    height: 100vh;||    position: absolute;||    top: 0;||    left: 0;&#8221;][et_pb_row _builder_version=&#8221;4.27.2&#8243; _module_preset=&#8221;default&#8221; custom_margin=&#8221;|auto|-8px|auto||&#8221; custom_margin_tablet=&#8221;30vh||||false|false&#8221; custom_margin_phone=&#8221;0vh||||false|false&#8221; custom_margin_last_edited=&#8221;on|phone&#8221; global_colors_info=&#8221;{}&#8221;][et_pb_column type=&#8221;4_4&#8243; _builder_version=&#8221;4.27.2&#8243; _module_preset=&#8221;default&#8221; global_colors_info=&#8221;{}&#8221;][et_pb_text _builder_version=&#8221;4.27.2&#8243; _module_preset=&#8221;default&#8221; text_text_color=&#8221;#FFFFFF&#8221; text_font_size=&#8221;20px&#8221; header_text_color=&#8221;#FFFFFF&#8221; header_font_size=&#8221;68px&#8221; header_font_size_tablet=&#8221;46px&#8221; header_font_size_phone=&#8221;46px&#8221; header_font_size_last_edited=&#8221;on|desktop&#8221; global_colors_info=&#8221;{}&#8221;]<\/p>\n<h1>Su experto: Andr\u00e9s Taracido<\/h1>\n<p>[\/et_pb_text][\/et_pb_column][\/et_pb_row][et_pb_row column_structure=&#8221;1_4,1_4,1_4,1_4&#8243; _builder_version=&#8221;4.27.2&#8243; _module_preset=&#8221;default&#8221; custom_margin=&#8221;4px|auto|99px|auto||&#8221; global_colors_info=&#8221;{}&#8221;][et_pb_column type=&#8221;1_4&#8243; _builder_version=&#8221;4.27.2&#8243; _module_preset=&#8221;default&#8221; global_colors_info=&#8221;{}&#8221;][et_pb_button button_url=&#8221;tel:+41225668244&#8243; button_text=&#8221;Llamada directa&#8221; _builder_version=&#8221;4.27.2&#8243; _module_preset=&#8221;default&#8221; custom_button=&#8221;on&#8221; button_text_size=&#8221;14px&#8221; button_text_color=&#8221;#FFFFFF&#8221; button_bg_color=&#8221;#D52B1E&#8221; button_border_width=&#8221;10px&#8221; button_border_color=&#8221;#D52B1E&#8221; button_font=&#8221;|||on|||||&#8221; custom_padding=&#8221;8px|25px|8px|25px|true|true&#8221; global_colors_info=&#8221;{}&#8221; button_bg_color__hover_enabled=&#8221;on|hover&#8221; button_bg_color__hover=&#8221;#d60e00&#8243; button_bg_enable_color__hover=&#8221;on&#8221; button_border_color__hover_enabled=&#8221;on|hover&#8221; button_border_color__hover=&#8221;#d60e00&#8243;][\/et_pb_button][\/et_pb_column][et_pb_column type=&#8221;1_4&#8243; _builder_version=&#8221;4.27.2&#8243; _module_preset=&#8221;default&#8221; global_colors_info=&#8221;{}&#8221;][et_pb_button button_url=&#8221;tel:+41225668244&#8243; button_text=&#8221;+41 22 566 82 44&#8243; _builder_version=&#8221;4.27.2&#8243; _module_preset=&#8221;default&#8221; custom_button=&#8221;on&#8221; button_text_size=&#8221;14px&#8221; button_text_color=&#8221;#FFFFFF&#8221; button_bg_color=&#8221;RGBA(255,255,255,0)&#8221; button_border_width=&#8221;10px&#8221; button_border_color=&#8221;RGBA(255,255,255,0)&#8221; button_font=&#8221;|600||on|||||&#8221; button_icon=&#8221;&#xf879;||fa||900&#8243; button_icon_color=&#8221;#D52B1E&#8221; button_icon_placement=&#8221;left&#8221; button_on_hover=&#8221;off&#8221; locked=&#8221;off&#8221; global_colors_info=&#8221;{}&#8221;][\/et_pb_button][\/et_pb_column][et_pb_column type=&#8221;1_4&#8243; disabled_on=&#8221;on|on|on&#8221; _builder_version=&#8221;4.27.2&#8243; _module_preset=&#8221;default&#8221; disabled=&#8221;on&#8221; global_colors_info=&#8221;{}&#8221;][\/et_pb_column][et_pb_column type=&#8221;1_4&#8243; disabled_on=&#8221;on|on|on&#8221; _builder_version=&#8221;4.27.2&#8243; _module_preset=&#8221;default&#8221; disabled=&#8221;on&#8221; global_colors_info=&#8221;{}&#8221;][\/et_pb_column][\/et_pb_row][\/et_pb_section][et_pb_section fb_built=&#8221;1&#8243; _builder_version=&#8221;4.27.2&#8243; _module_preset=&#8221;default&#8221; global_colors_info=&#8221;{}&#8221;][et_pb_row _builder_version=&#8221;4.27.2&#8243; _module_preset=&#8221;default&#8221; global_colors_info=&#8221;{}&#8221;][et_pb_column type=&#8221;4_4&#8243; _builder_version=&#8221;4.27.2&#8243; _module_preset=&#8221;default&#8221; global_colors_info=&#8221;{}&#8221;][et_pb_text _builder_version=&#8221;4.27.2&#8243; _module_preset=&#8221;default&#8221; global_colors_info=&#8221;{}&#8221;]<\/p>\n<h2>Andr\u00e9s Taracido, CIWM TEP<\/h2>\n<p>[\/et_pb_text][\/et_pb_column][\/et_pb_row][et_pb_row column_structure=&#8221;1_2,1_2&#8243; _builder_version=&#8221;4.27.2&#8243; _module_preset=&#8221;default&#8221; global_colors_info=&#8221;{}&#8221;][et_pb_column type=&#8221;1_2&#8243; _builder_version=&#8221;4.27.2&#8243; _module_preset=&#8221;default&#8221; global_colors_info=&#8221;{}&#8221;][et_pb_text _builder_version=&#8221;4.27.3&#8243; _module_preset=&#8221;default&#8221; hover_enabled=&#8221;0&#8243; global_colors_info=&#8221;{}&#8221; sticky_enabled=&#8221;0&#8243;]<\/p>\n<p>Nacido en 1972 y oriundo de Ginebra, Andr\u00e9s Taracido obtuvo un Diploma Federal Suizo en Finanzas e Inversiones; un diploma de Gestor Patrimonial Internacional Certificado (CIWM); un diploma de la Society of Trust and Estate Practitioners (STEP) y acreditaci\u00f3n TEP; un CAS en Fiscalidad de PYME ; y <span>Asesor Certificado en Seguros y Previsi\u00f3n (IAF) <a href=\"https:\/\/www.finma.ch\/en\/supervision\/versicherungsvermittler\/registersuche\/F01319579\/\" target=\"_blank\" rel=\"noopener\">No. FINMA F01319579.<\/a><\/span><\/p>\n<p>Andr\u00e9s Taracido es un profesional altamente cualificado y experimentado con un s\u00f3lido conocimiento de las leyes y reglamentos aplicables en la constituci\u00f3n y administraci\u00f3n de sociedades y fundaciones suizas. Se encarga de gestionar la administraci\u00f3n de sociedades en Suiza y a nivel internacional en nombre de sus clientes, empresarios, familias y empresas. Su experiencia y capacidad para gestionar eficazmente la administraci\u00f3n de sociedades le convierten en un socio valioso para todos los clientes que deseen establecerse en Suiza.<\/p>\n<p>Andr\u00e9s Taracido se compromete a proporcionar asesoramiento y soluciones a la medida de cada cliente, teniendo en cuenta sus necesidades espec\u00edficas. Entiende que cada situaci\u00f3n es \u00fanica y que es importante dar respuestas precisas y oportunas para garantizar la satisfacci\u00f3n del cliente. Desde problemas sencillos a situaciones m\u00e1s complejas, se esfuerza por responder a todas las solicitudes con profesionalidad y diligencia.<\/p>\n<p>Su compromiso con sus clientes es total. Se toma muy en serio la responsabilidad de sus proyectos y se compromete a ofrecerles en todo momento una experiencia de primera clase.<\/p>\n<p>Como director, la calidad de su trabajo depende de su equipo de profesionales cualificados y experimentados.<\/p>\n<p>Su equipo est\u00e1 formado por especialistas en finanzas y contabilidad, responsables de fideicomisos, contables, especialistas fiscales y otros profesionales administrativos y jur\u00eddicos. Cada miembro de su equipo aporta habilidades y conocimientos \u00fanicos que complementan los del resto del equipo.<\/p>\n<p>[\/et_pb_text][et_pb_image src=&#8221;https:\/\/my-swiss-company.com\/wp-content\/uploads\/2024\/10\/Team-My-Swiss-Company-SA-min-scaled.jpg&#8221; title_text=&#8221;Team-My-Swiss-Company-SA-min&#8221; _builder_version=&#8221;4.27.2&#8243; _module_preset=&#8221;default&#8221; global_colors_info=&#8221;{}&#8221;][\/et_pb_image][et_pb_text _builder_version=&#8221;4.27.2&#8243; _module_preset=&#8221;default&#8221; global_colors_info=&#8221;{}&#8221;]<\/p>\n<p>Como director, Andr\u00e9s Taracido considera que su equipo es su mayor activo. Cree firmemente que la colaboraci\u00f3n y la comunicaci\u00f3n son esenciales para prestar servicios administrativos de alta calidad. <\/p>\n<p>\u00abNuestros valores corporativos reflejan nuestro compromiso de ofrecer un servicio superior a nuestros clientes. Nos esforzamos por ofrecer soluciones que satisfagan sus necesidades espec\u00edficas, garantizando al mismo tiempo que nuestra experiencia sea de primera clase. Estamos orgullosos de nuestro compromiso con nuestros clientes y trabajamos duro para garantizar su satisfacci\u00f3n en cada etapa del proceso de constituci\u00f3n, adquisici\u00f3n y gesti\u00f3n administrativa a largo plazo\u00bb Andr\u00e9s Taracido, Director<\/p>\n<p>Andr\u00e9s Taracido habla franc\u00e9s, ingl\u00e9s y espa\u00f1ol. Cuenta con una amplia red en Ginebra, Suiza y en todo el mundo. Entre sus cualidades, le gusta decir que sabe \u00abun poco de todo\u00bb, que domina los procedimientos administrativos y contables, adem\u00e1s de un excelente conocimiento de los aspectos jur\u00eddicos y fiscales del derecho suizo. Es el hombre a consultar para todas las etapas de creaci\u00f3n de una empresa extranjera en territorio suizo. La persona a quien usted conf\u00eda su representaci\u00f3n como administrador, gerente o director, en el caso de una empresa, fundaci\u00f3n o asociaci\u00f3n.    <\/p>\n<p>[\/et_pb_text][\/et_pb_column][et_pb_column type=&#8221;1_2&#8243; _builder_version=&#8221;4.27.2&#8243; _module_preset=&#8221;default&#8221; global_colors_info=&#8221;{}&#8221;][et_pb_image src=&#8221;https:\/\/my-swiss-company.com\/wp-content\/uploads\/2024\/10\/M.Taracido-director-Rister-Switzerland.jpg.webp&#8221; title_text=&#8221;M.Taracido-director-Rister-Switzerland.jpg&#8221; _builder_version=&#8221;4.27.2&#8243; _module_preset=&#8221;default&#8221; global_colors_info=&#8221;{}&#8221;][\/et_pb_image][et_pb_image src=&#8221;https:\/\/my-swiss-company.com\/wp-content\/uploads\/2024\/10\/badge_vertical.jpg.webp&#8221; title_text=&#8221;badge_vertical.jpg&#8221; _builder_version=&#8221;4.27.3&#8243; _module_preset=&#8221;default&#8221; width=&#8221;40%&#8221; hover_enabled=&#8221;0&#8243; global_colors_info=&#8221;{}&#8221; sticky_enabled=&#8221;0&#8243;][\/et_pb_image][\/et_pb_column][\/et_pb_row][\/et_pb_section]<\/p>\n","protected":false},"excerpt":{"rendered":"<p>Su experto: Andr\u00e9s TaracidoAndr\u00e9s Taracido, CIWM TEPNacido en 1972 y oriundo de Ginebra, Andr\u00e9s Taracido obtuvo un Diploma Federal Suizo en Finanzas e Inversiones; un diploma de Gestor Patrimonial Internacional Certificado (CIWM); un diploma de la Society of Trust and Estate Practitioners (STEP) y acreditaci\u00f3n TEP; un CAS en Fiscalidad de PYME ; y Asesor [&hellip;]<\/p>\n","protected":false},"author":3,"featured_media":0,"parent":5659,"menu_order":0,"comment_status":"closed","ping_status":"closed","template":"","meta":{"_et_pb_use_builder":"on","_et_pb_old_content":"","_et_gb_content_width":"","inline_featured_image":false,"footnotes":""},"class_list":["post-5662","page","type-page","status-publish","hentry"],"_links":{"self":[{"href":"https:\/\/my-swiss-company.com\/es\/wp-json\/wp\/v2\/pages\/5662","targetHints":{"allow":["GET"]}}],"collection":[{"href":"https:\/\/my-swiss-company.com\/es\/wp-json\/wp\/v2\/pages"}],"about":[{"href":"https:\/\/my-swiss-company.com\/es\/wp-json\/wp\/v2\/types\/page"}],"author":[{"embeddable":true,"href":"https:\/\/my-swiss-company.com\/es\/wp-json\/wp\/v2\/users\/3"}],"replies":[{"embeddable":true,"href":"https:\/\/my-swiss-company.com\/es\/wp-json\/wp\/v2\/comments?post=5662"}],"version-history":[{"count":0,"href":"https:\/\/my-swiss-company.com\/es\/wp-json\/wp\/v2\/pages\/5662\/revisions"}],"up":[{"embeddable":true,"href":"https:\/\/my-swiss-company.com\/es\/wp-json\/wp\/v2\/pages\/5659"}],"wp:attachment":[{"href":"https:\/\/my-swiss-company.com\/es\/wp-json\/wp\/v2\/media?parent=5662"}],"curies":[{"name":"wp","href":"https:\/\/api.w.org\/{rel}","templated":true}]}}