{"id":7342,"date":"2024-12-18T13:50:25","date_gmt":"2024-12-18T12:50:25","guid":{"rendered":"https:\/\/my-swiss-company.com\/?page_id=7342"},"modified":"2025-11-04T14:05:26","modified_gmt":"2025-11-04T13:05:26","slug":"nuestros-compromisos","status":"publish","type":"page","link":"https:\/\/my-swiss-company.com\/es\/nuestros-compromisos\/","title":{"rendered":"Nuestros Compromisos"},"content":{"rendered":"<p>[et_pb_section fb_built=&#8221;1&#8243; module_class=&#8221;votre-section quadrillage-blanc&#8221; _builder_version=&#8221;4.27.3&#8243; _module_preset=&#8221;default&#8221; background_enable_color=&#8221;off&#8221; use_background_color_gradient=&#8221;on&#8221; background_color_gradient_stops=&#8221;rgba(0,0,0,0.81) 0%|rgba(0,0,0,0.21) 99%&#8221; background_color_gradient_overlays_image=&#8221;on&#8221; background_image=&#8221;https:\/\/my-swiss-company.com\/wp-content\/uploads\/2024\/12\/header_nos_engagements_tanguy_nef-min.jpg&#8221; background_enable_video_mp4=&#8221;off&#8221; custom_margin=&#8221;||||false|false&#8221; custom_css_main_element=&#8221;width: 100vw;||height: 100vh;||&#8221; custom_css_free_form=&#8221;@media (min-width: 1200px) {||  .quadrillage-blanc {||      position: relative; \/* Position relative pour le parent *\/||      overflow: hidden; \/* \u00c9vite les d\u00e9bordements *\/||  }||||  \/* Ligne gauche *\/||  .quadrillage-blanc::after {||      content: %22%22;||      position: absolute;||      top: 0;||      bottom: 0;||      left: 100px; \/* Position de la ligne gauche *\/||      width: 1px;||      background-color: white; \/* Couleur de la ligne gauche *\/||      z-index: 2; \/* Au-dessus du contenu de la section *\/||  }||||  \/* Ligne droite *\/||  .quadrillage-blanc::before {||      content: %22%22;||      position: absolute;||      top: 0;||      bottom: 0;||      right: 100px; \/* Position de la ligne droite *\/||      width: 1px;||      background-color: white; \/* Couleur de la ligne droite *\/||      z-index: 2; \/* Au-dessus du contenu de la section *\/||  }||}||||||.votre-section {||    display: flex; \/* Active Flexbox pour la section *\/||    flex-direction: column; \/* Aligne les \u00e9l\u00e9ments en colonne *\/||    justify-content: flex-end; \/* Positionne les \u00e9l\u00e9ments \u00e0 la fin *\/||    padding-bottom: 100px; \/* Marge de 100px \u00e0 partir du bas de la section *\/||}&#8221; locked=&#8221;off&#8221; global_colors_info=&#8221;{}&#8221; custom_css_main_element_last_edited=&#8221;on|phone&#8221; custom_css_main_element_phone=&#8221;height:auto;||width:auto;||position:relative;&#8221; custom_css_main_element_tablet=&#8221;    object-fit: cover;||    width: 100vw;||    height: 100vh;||    position: absolute;||    top: 0;||    left: 0;&#8221;][et_pb_row _builder_version=&#8221;4.27.2&#8243; _module_preset=&#8221;default&#8221; custom_margin=&#8221;|auto|-8px|auto||&#8221; custom_margin_tablet=&#8221;30vh||||false|false&#8221; custom_margin_phone=&#8221;0vh||||false|false&#8221; custom_margin_last_edited=&#8221;on|phone&#8221; global_colors_info=&#8221;{}&#8221;][et_pb_column type=&#8221;4_4&#8243; _builder_version=&#8221;4.27.2&#8243; _module_preset=&#8221;default&#8221; global_colors_info=&#8221;{}&#8221;][et_pb_text _builder_version=&#8221;4.27.3&#8243; _module_preset=&#8221;default&#8221; text_text_color=&#8221;#FFFFFF&#8221; text_font_size=&#8221;20px&#8221; header_text_color=&#8221;#FFFFFF&#8221; header_font_size=&#8221;68px&#8221; custom_margin=&#8221;||0px||false|false&#8221; header_font_size_tablet=&#8221;46px&#8221; header_font_size_phone=&#8221;46px&#8221; header_font_size_last_edited=&#8221;on|desktop&#8221; global_colors_info=&#8221;{}&#8221;]<\/p>\n<h1>Orgullosos de apoyar la excelencia suiza en las pistas del mundo entero<\/h1>\n<p>[\/et_pb_text][et_pb_text _builder_version=&#8221;4.27.3&#8243; _module_preset=&#8221;default&#8221; text_text_color=&#8221;#FFFFFF&#8221; text_font_size=&#8221;20px&#8221; header_text_color=&#8221;#FFFFFF&#8221; header_font_size=&#8221;68px&#8221; header_2_text_color=&#8221;#FFFFFF&#8221; header_font_size_tablet=&#8221;46px&#8221; header_font_size_phone=&#8221;46px&#8221; header_font_size_last_edited=&#8221;on|desktop&#8221; global_colors_info=&#8221;{}&#8221;]<\/p>\n<h2 class=\"p1\"> Nuestro compromiso: apoyar el rendimiento y el esp\u00edritu deportivo <\/h2>\n<p>[\/et_pb_text][et_pb_text _builder_version=&#8221;4.27.3&#8243; _module_preset=&#8221;default&#8221; text_text_color=&#8221;#FFFFFF&#8221; text_font_size=&#8221;20px&#8221; header_text_color=&#8221;#FFFFFF&#8221; header_font_size=&#8221;68px&#8221; header_font_size_tablet=&#8221;46px&#8221; header_font_size_phone=&#8221;46px&#8221; header_font_size_last_edited=&#8221;on|desktop&#8221; global_colors_info=&#8221;{}&#8221;]<\/p>\n<p class=\"p1\">En <strong>My Swiss Company SA<\/strong>, creemos que la superaci\u00f3n personal, la perseverancia y la excelencia son valores que definen tanto a los campeones deportivos como a nuestra empresa. Por eso, nos enorgullece patrocinar a Tanguy NEF, un reconocido esquiador suizo que compite en la Copa del Mundo de esqu\u00ed alpino.<\/p>\n<p>[\/et_pb_text][\/et_pb_column][\/et_pb_row][et_pb_row _builder_version=&#8221;4.27.3&#8243; _module_preset=&#8221;default&#8221; custom_margin=&#8221;0px||5%||false|false&#8221; custom_padding=&#8221;0px||||false|false&#8221; locked=&#8221;off&#8221; global_colors_info=&#8221;{}&#8221;][et_pb_column type=&#8221;4_4&#8243; _builder_version=&#8221;4.27.3&#8243; _module_preset=&#8221;default&#8221; global_colors_info=&#8221;{}&#8221;][et_pb_divider show_divider=&#8221;off&#8221; _builder_version=&#8221;4.27.3&#8243; _module_preset=&#8221;default&#8221; custom_margin=&#8221;0px||||false|false&#8221; custom_padding=&#8221;0px||||false|false&#8221; global_colors_info=&#8221;{}&#8221;][\/et_pb_divider][\/et_pb_column][\/et_pb_row][\/et_pb_section][et_pb_section fb_built=&#8221;1&#8243; _builder_version=&#8221;4.27.3&#8243; _module_preset=&#8221;default&#8221; locked=&#8221;off&#8221; global_colors_info=&#8221;{}&#8221;][et_pb_row column_structure=&#8221;1_2,1_2&#8243; _builder_version=&#8221;4.27.3&#8243; _module_preset=&#8221;default&#8221; global_colors_info=&#8221;{}&#8221;][et_pb_column type=&#8221;1_2&#8243; _builder_version=&#8221;4.27.3&#8243; _module_preset=&#8221;default&#8221; global_colors_info=&#8221;{}&#8221;][et_pb_image src=&#8221;https:\/\/my-swiss-company.com\/wp-content\/uploads\/2024\/12\/PHOTO-2024-12-14-11-23-34.jpg&#8221; alt=&#8221;Tanguy Nef buvant dans sa gourde avec le logo de My Swiss Company&#8221; title_text=&#8221;PHOTO-2024-12-14-11-23-34&#8243; _builder_version=&#8221;4.27.3&#8243; _module_preset=&#8221;default&#8221; global_colors_info=&#8221;{}&#8221;][\/et_pb_image][\/et_pb_column][et_pb_column type=&#8221;1_2&#8243; _builder_version=&#8221;4.27.3&#8243; _module_preset=&#8221;default&#8221; global_colors_info=&#8221;{}&#8221;][et_pb_text _builder_version=&#8221;4.27.3&#8243; _module_preset=&#8221;default&#8221; global_colors_info=&#8221;{}&#8221;]<\/p>\n<h2>Sobre Tanguy NEF<br \/>\n<\/h2>\n<p>[\/et_pb_text][et_pb_text _builder_version=&#8221;4.27.3&#8243; _module_preset=&#8221;default&#8221; hover_enabled=&#8221;0&#8243; locked=&#8221;off&#8221; global_colors_info=&#8221;{}&#8221; sticky_enabled=&#8221;0&#8243;]<\/p>\n<ul class=\"ul1\">\n<li class=\"li1\"><span class=\"s1\"><\/span><b>Disciplina:<\/b>\u00a0Esqu\u00ed alpino \u2013 Slalom &#8211; Copa del Mundo<\/li>\n<li class=\"li1\"><span class=\"s1\"><\/span><b>Edad:<\/b>\u00a028<\/li>\n<li class=\"li1\"><span class=\"s1\"><\/span><b>Palmar\u00e9s 2024\/2025:<\/b>\u00a0Top 5 en Levi (Finlandia) en el primer slalom de la Copa del Mundo<\/li>\n<li class=\"li1\"><span class=\"s1\"><\/span><b>Cita:<\/b><br \/><i>\u201cGracias al valioso apoyo de My Swiss Company SA, puedo dedicarme por completo a mis objetivos deportivos y representar con orgullo a Suiza en la Copa del Mundo de Esqu\u00ed Alpino.\u201d<\/i><span class=\"s1\"><\/span><\/li>\n<\/ul>\n<h3 class=\"p2\"><b> Valores compartidos <\/b><\/h3>\n<p class=\"p1\">Al apoyar a Tanguy NEF, afirmamos nuestro compromiso con:<\/p>\n<ul class=\"ul1\">\n<li class=\"li1\"><span class=\"s1\"><\/span><b>Rendimiento y Excelencia:<\/b>\u00a0Al igual que en las pistas, siempre aspiramos a la excelencia en todo lo que hacemos.<\/li>\n<li class=\"li1\"><span class=\"s1\"><\/span><b>Esp\u00edritu de equipo y determinaci\u00f3n:<\/b>\u00a0Cada desaf\u00edo es una oportunidad para superarnos juntos.<\/li>\n<li class=\"li1\"><span class=\"s1\"><\/span><b>V\u00ednculo con nuestras ra\u00edces suizas:<\/b>\u00a0Apoyar a un atleta suizo es una forma de rendir homenaje a nuestro legado y contribuir a su proyecci\u00f3n mundial.<\/li>\n<\/ul>\n<h3 class=\"p1\"><b> \u00a1Sigue la aventura con nosotros! <\/b><\/h3>\n<p class=\"p1\">No te pierdas los logros de Tanguy NEF:<\/p>\n<ul class=\"ul1\">\n<li class=\"li1\"><span class=\"s1\"><\/span><b><a href=\"https:\/\/tanguynef.com\/en\/results\/\" target=\"_blank\" rel=\"noopener\">Resultados en directo<\/a>:<\/b> Calendario de competiciones y clasificaciones.<\/li>\n<li class=\"li1\"><span class=\"s1\"><\/span><a href=\"https:\/\/tanguynef.com\/en\/news\/\" target=\"_blank\" rel=\"noopener\"><b>Reportajes y v\u00eddeos:<\/b><\/a> Momentos destacados, entrevistas y contenido exclusivo.<\/li>\n<\/ul>\n<ul class=\"ul1\"><\/ul>\n<h3 class=\"p1\"><b>\u00a1\u00danete a esta aventura!<\/b><\/h3>\n<p class=\"p1\"><strong>Juntos, apoyemos el deporte y los talentos que hacen brillar a Suiza.<\/strong><\/p>\n<p>[\/et_pb_text][\/et_pb_column][\/et_pb_row][\/et_pb_section]<\/p>\n","protected":false},"excerpt":{"rendered":"<p>Orgullosos de apoyar la excelencia suiza en las pistas del mundo entero Nuestro compromiso: apoyar el rendimiento y el esp\u00edritu deportivo En My Swiss Company SA, creemos que la superaci\u00f3n personal, la perseverancia y la excelencia son valores que definen tanto a los campeones deportivos como a nuestra empresa. Por eso, nos enorgullece patrocinar a [&hellip;]<\/p>\n","protected":false},"author":3,"featured_media":0,"parent":0,"menu_order":0,"comment_status":"closed","ping_status":"closed","template":"","meta":{"_et_pb_use_builder":"on","_et_pb_old_content":"","_et_gb_content_width":"","inline_featured_image":false,"footnotes":""},"class_list":["post-7342","page","type-page","status-publish","hentry"],"_links":{"self":[{"href":"https:\/\/my-swiss-company.com\/es\/wp-json\/wp\/v2\/pages\/7342","targetHints":{"allow":["GET"]}}],"collection":[{"href":"https:\/\/my-swiss-company.com\/es\/wp-json\/wp\/v2\/pages"}],"about":[{"href":"https:\/\/my-swiss-company.com\/es\/wp-json\/wp\/v2\/types\/page"}],"author":[{"embeddable":true,"href":"https:\/\/my-swiss-company.com\/es\/wp-json\/wp\/v2\/users\/3"}],"replies":[{"embeddable":true,"href":"https:\/\/my-swiss-company.com\/es\/wp-json\/wp\/v2\/comments?post=7342"}],"version-history":[{"count":0,"href":"https:\/\/my-swiss-company.com\/es\/wp-json\/wp\/v2\/pages\/7342\/revisions"}],"wp:attachment":[{"href":"https:\/\/my-swiss-company.com\/es\/wp-json\/wp\/v2\/media?parent=7342"}],"curies":[{"name":"wp","href":"https:\/\/api.w.org\/{rel}","templated":true}]}}